{"id":1866,"date":"2025-04-20T18:32:36","date_gmt":"2025-04-20T16:32:36","guid":{"rendered":"https:\/\/jibsy.com\/?page_id=1866"},"modified":"2025-04-20T19:01:55","modified_gmt":"2025-04-20T17:01:55","slug":"mieux-vaut-prevenir-que-guerir-3","status":"publish","type":"page","link":"https:\/\/jibsy.com\/?page_id=1866","title":{"rendered":"Mieux Vaut Pr\u00e9venir Que Gu\u00e9rir"},"content":{"rendered":"<!DOCTYPE html PUBLIC \"-\/\/W3C\/\/DTD HTML 4.0 Transitional\/\/EN\" \"http:\/\/www.w3.org\/TR\/REC-html40\/loose.dtd\">\n<html><body><div class=\"wp-block-image\">\n<figure class=\"aligncenter size-full\"><img loading=\"lazy\" decoding=\"async\" width=\"512\" height=\"512\" src=\"http:\/\/jibsy.com\/wp-content\/uploads\/2025\/04\/02-On-Napprend-Pas-Aux-Vieux-Singes-mp3-image.jpg\" alt=\"\" class=\"wp-image-1852\" srcset=\"https:\/\/jibsy.com\/wp-content\/uploads\/2025\/04\/02-On-Napprend-Pas-Aux-Vieux-Singes-mp3-image.jpg 512w, https:\/\/jibsy.com\/wp-content\/uploads\/2025\/04\/02-On-Napprend-Pas-Aux-Vieux-Singes-mp3-image-300x300.jpg 300w, https:\/\/jibsy.com\/wp-content\/uploads\/2025\/04\/02-On-Napprend-Pas-Aux-Vieux-Singes-mp3-image-150x150.jpg 150w\" sizes=\"auto, (max-width: 512px) 85vw, 512px\" \/><\/figure><\/div>\n\n<article id=\"arbitrary-instance-69fb3041ad5de\" class=\"iron_widget_radio playlist_enabled\"><div class=\"iron-audioplayer  show-playlist playlist_has_no_ctas srp_favorites_loading skin_floated\" id=\"arbitrary-instance-69fb3041ad5de-39e59f46d8\" data-id=\"arbitrary-instance-69fb3041ad5de\" data-track-sw-cursor=\"\" data-lazyload=\"\" data-albums=\"1865\" data-category=\"\" data-url-playlist=\"https:\/\/jibsy.com\/?load=playlist.json&#038;title=&#038;albums=1865&#038;category=&#038;posts_not_in=&#038;category_not_in=&#038;author=&#038;feed_title=&#038;feed=&#038;feed_img=&#038;el_widget_id=&#038;artwork=&#038;posts_per_pages=-1&#038;all_category=&#038;single_playlist=&#038;reverse_tracklist=&#038;audio_meta_field=&#038;repeater_meta_field=&#038;import_file=&#038;rss_items=-1&#038;rss_item_title=&#038;is_favorite=&#038;is_recentlyplayed=&#038;srp_order=date_DESC\" data-sticky-player=\"0\" data-shuffle=\"false\" data-playlist_title=\"\" data-scrollbar=\"\" data-wave-color=\"\" data-wave-progress-color=\"\" data-spectro=\"\" data-no-wave=\"\" data-hide-progressbar=\"\" data-progress-bar-style=\"\"data-feedurl=\"0\" data-notrackskip=\"\" data-no-loop-tracklist=\"\" data-playertemplate =\"skin_float_tracklist\" data-hide-artwork =\"\" data-speedrate=\"1\"  data-tracks-per-page=\"\" data-pagination_scroll_offset=\"\" data-adaptive-colors=\"\" data-adaptive-colors-freeze=\"\" style=\"opacity:0;\"><div class=\"sonaar-grid\" ><div class=\"sonaar-Artwort-box \">\n                <div class=\"control\">\n                    \n                <\/div>\n                <div class=\"album\">\n                    <div class=\"album-art\">\n                        <img alt=\"album-art\">\n                    <\/div>\n                <\/div>\n                <\/div><div class=\"playlist sr_waveform_mediaElement\"  id=\"playlist_arbitrary-instance-69fb3041ad5de\"><h3 class=\"sr_it-playlist-title\"><\/h3><div class=\"srp_subtitle\">Rock - flying jibsy - 2025<\/div><div class=\"srp_tracklist\"><ul class=\"srp_list\"><li \n            class=\"sr-playlist-item\" \n            data-audiopath=\"https:\/\/jibsy.com\/wp-content\/uploads\/2025\/04\/Mieux-Vaut-Prevenir-Que-Guerir-1.mp3\"\n            data-showloading=\"1\"\n            data-albumTitle=\"Mieux Vaut Pr\u00e9venir Que Gu\u00e9rir\"\n            data-albumArt=\"\"\n            data-releasedate=\"Rock - flying jibsy - 2025\"\n            data-date=\"2025\/04\/20\"\n            data-date-formated=\"20 avril 2025\"\n            data-show-date=\"\"\n            data-trackTitle=\"Mieux Vaut Pr\u00e9venir Que Gu\u00e9rir\"\n            data-artist=\"Ian Suno\"\n            data-trackID=\"1859\"\n            data-trackTime=\"3:22\"\n            data-relatedTrack=\"\"\n            data-post-url=\"\"\n            data-post-id=\"1865\"\n            data-track-pos=\"0\"\n            data-peakFile=\"\"\n            data-peakFile-allow=\"1\"\n            data-is-preview=\"\"\n            data-track-lyric=\"\" data-icecast_json=\"\" data-icecast_mount=\"\"><div class=\"sr-playlist-item-flex\"><span class=\"store-list\"><\/span><\/div><div class=\"srp_track_description\"><\/div><\/li><li \n            class=\"sr-playlist-item\" \n            data-audiopath=\"https:\/\/jibsy.com\/wp-content\/uploads\/2025\/04\/02-On-Napprend-Pas-Aux-Vieux-Singes.mp3\"\n            data-showloading=\"1\"\n            data-albumTitle=\"Mieux Vaut Pr\u00e9venir Que Gu\u00e9rir\"\n            data-albumArt=\"\"\n            data-releasedate=\"Rock - flying jibsy - 2025\"\n            data-date=\"2025\/04\/20\"\n            data-date-formated=\"20 avril 2025\"\n            data-show-date=\"\"\n            data-trackTitle=\"On N\u2019apprend Pas Aux Vieux Singes\"\n            data-artist=\"Ian Suno\"\n            data-trackID=\"1851\"\n            data-trackTime=\"3:42\"\n            data-relatedTrack=\"\"\n            data-post-url=\"\"\n            data-post-id=\"1865\"\n            data-track-pos=\"1\"\n            data-peakFile=\"\"\n            data-peakFile-allow=\"1\"\n            data-is-preview=\"\"\n            data-track-lyric=\"\" data-icecast_json=\"\" data-icecast_mount=\"\"><div class=\"sr-playlist-item-flex\"><span class=\"store-list\"><\/span><\/div><div class=\"srp_track_description\"><\/div><\/li><li \n            class=\"sr-playlist-item\" \n            data-audiopath=\"https:\/\/jibsy.com\/wp-content\/uploads\/2025\/04\/03-Pluie-Du-Matin-Narrete-Pas-Le-Pelerin.mp3\"\n            data-showloading=\"1\"\n            data-albumTitle=\"Mieux Vaut Pr\u00e9venir Que Gu\u00e9rir\"\n            data-albumArt=\"\"\n            data-releasedate=\"Rock - flying jibsy - 2025\"\n            data-date=\"2025\/04\/20\"\n            data-date-formated=\"20 avril 2025\"\n            data-show-date=\"\"\n            data-trackTitle=\"Pluie Du Matin N\u2019arre\u0302te Pas Le Pe\u0300lerin\"\n            data-artist=\"Ian Suno\"\n            data-trackID=\"1853\"\n            data-trackTime=\"4:00\"\n            data-relatedTrack=\"\"\n            data-post-url=\"\"\n            data-post-id=\"1865\"\n            data-track-pos=\"2\"\n            data-peakFile=\"\"\n            data-peakFile-allow=\"1\"\n            data-is-preview=\"\"\n            data-track-lyric=\"\" data-icecast_json=\"\" data-icecast_mount=\"\"><div class=\"sr-playlist-item-flex\"><span class=\"store-list\"><\/span><\/div><div class=\"srp_track_description\"><\/div><\/li><li \n            class=\"sr-playlist-item\" \n            data-audiopath=\"https:\/\/jibsy.com\/wp-content\/uploads\/2025\/04\/Quand-on-Parle-Du-Loup-1.mp3\"\n            data-showloading=\"1\"\n            data-albumTitle=\"Mieux Vaut Pr\u00e9venir Que Gu\u00e9rir\"\n            data-albumArt=\"\"\n            data-releasedate=\"Rock - flying jibsy - 2025\"\n            data-date=\"2025\/04\/20\"\n            data-date-formated=\"20 avril 2025\"\n            data-show-date=\"\"\n            data-trackTitle=\"Quand on Parle Du Loup\"\n            data-artist=\"Ian Suno\"\n            data-trackID=\"1862\"\n            data-trackTime=\"3:16\"\n            data-relatedTrack=\"\"\n            data-post-url=\"\"\n            data-post-id=\"1865\"\n            data-track-pos=\"3\"\n            data-peakFile=\"\"\n            data-peakFile-allow=\"1\"\n            data-is-preview=\"\"\n            data-track-lyric=\"\" data-icecast_json=\"\" data-icecast_mount=\"\"><div class=\"sr-playlist-item-flex\"><span class=\"store-list\"><\/span><\/div><div class=\"srp_track_description\"><\/div><\/li><li \n            class=\"sr-playlist-item\" \n            data-audiopath=\"https:\/\/jibsy.com\/wp-content\/uploads\/2025\/04\/Entre-Le-Four-Et-Le-Moulin-1.mp3\"\n            data-showloading=\"1\"\n            data-albumTitle=\"Mieux Vaut Pr\u00e9venir Que Gu\u00e9rir\"\n            data-albumArt=\"\"\n            data-releasedate=\"Rock - flying jibsy - 2025\"\n            data-date=\"2025\/04\/20\"\n            data-date-formated=\"20 avril 2025\"\n            data-show-date=\"\"\n            data-trackTitle=\"Entre Le Four Et Le Moulin\"\n            data-artist=\"Ian Suno\"\n            data-trackID=\"1855\"\n            data-trackTime=\"3:20\"\n            data-relatedTrack=\"\"\n            data-post-url=\"\"\n            data-post-id=\"1865\"\n            data-track-pos=\"4\"\n            data-peakFile=\"\"\n            data-peakFile-allow=\"1\"\n            data-is-preview=\"\"\n            data-track-lyric=\"\" data-icecast_json=\"\" data-icecast_mount=\"\"><div class=\"sr-playlist-item-flex\"><span class=\"store-list\"><\/span><\/div><div class=\"srp_track_description\"><\/div><\/li><li \n            class=\"sr-playlist-item\" \n            data-audiopath=\"https:\/\/jibsy.com\/wp-content\/uploads\/2025\/04\/Faute-Avouee-Est-A-Moitie-Pardonnee-1.mp3\"\n            data-showloading=\"1\"\n            data-albumTitle=\"Mieux Vaut Pr\u00e9venir Que Gu\u00e9rir\"\n            data-albumArt=\"\"\n            data-releasedate=\"Rock - flying jibsy - 2025\"\n            data-date=\"2025\/04\/20\"\n            data-date-formated=\"20 avril 2025\"\n            data-show-date=\"\"\n            data-trackTitle=\"Faute Avou\u00e9e Est \u00c0 Moiti\u00e9 Pardonn\u00e9e\"\n            data-artist=\"Ian Suno\"\n            data-trackID=\"1857\"\n            data-trackTime=\"3:06\"\n            data-relatedTrack=\"\"\n            data-post-url=\"\"\n            data-post-id=\"1865\"\n            data-track-pos=\"5\"\n            data-peakFile=\"\"\n            data-peakFile-allow=\"1\"\n            data-is-preview=\"\"\n            data-track-lyric=\"\" data-icecast_json=\"\" data-icecast_mount=\"\"><div class=\"sr-playlist-item-flex\"><span class=\"store-list\"><\/span><\/div><div class=\"srp_track_description\"><\/div><\/li><li \n            class=\"sr-playlist-item\" \n            data-audiopath=\"https:\/\/jibsy.com\/wp-content\/uploads\/2025\/04\/Si-Les-Chats-Gardent-Les-Chevres-1.mp3\"\n            data-showloading=\"1\"\n            data-albumTitle=\"Mieux Vaut Pr\u00e9venir Que Gu\u00e9rir\"\n            data-albumArt=\"\"\n            data-releasedate=\"Rock - flying jibsy - 2025\"\n            data-date=\"2025\/04\/20\"\n            data-date-formated=\"20 avril 2025\"\n            data-show-date=\"\"\n            data-trackTitle=\"Si Les Chats Gardent Les Ch\u00e8vres\"\n            data-artist=\"Ian Suno\"\n            data-trackID=\"1864\"\n            data-trackTime=\"3:32\"\n            data-relatedTrack=\"\"\n            data-post-url=\"\"\n            data-post-id=\"1865\"\n            data-track-pos=\"6\"\n            data-peakFile=\"\"\n            data-peakFile-allow=\"1\"\n            data-is-preview=\"\"\n            data-track-lyric=\"\" data-icecast_json=\"\" data-icecast_mount=\"\"><div class=\"sr-playlist-item-flex\"><span class=\"store-list\"><\/span><\/div><div class=\"srp_track_description\"><\/div><\/li><li \n            class=\"sr-playlist-item\" \n            data-audiopath=\"https:\/\/jibsy.com\/wp-content\/uploads\/2025\/04\/Qui-Ne-Fait-Pas-Quand-Il-Peut-1.mp3\"\n            data-showloading=\"1\"\n            data-albumTitle=\"Mieux Vaut Pr\u00e9venir Que Gu\u00e9rir\"\n            data-albumArt=\"\"\n            data-releasedate=\"Rock - flying jibsy - 2025\"\n            data-date=\"2025\/04\/20\"\n            data-date-formated=\"20 avril 2025\"\n            data-show-date=\"\"\n            data-trackTitle=\"Qui Ne Fait Pas Quand Il Peut\"\n            data-artist=\"Ian Suno\"\n            data-trackID=\"1863\"\n            data-trackTime=\"3:20\"\n            data-relatedTrack=\"\"\n            data-post-url=\"\"\n            data-post-id=\"1865\"\n            data-track-pos=\"7\"\n            data-peakFile=\"\"\n            data-peakFile-allow=\"1\"\n            data-is-preview=\"\"\n            data-track-lyric=\"\" data-icecast_json=\"\" data-icecast_mount=\"\"><div class=\"sr-playlist-item-flex\"><span class=\"store-list\"><\/span><\/div><div class=\"srp_track_description\"><\/div><\/li><li \n            class=\"sr-playlist-item\" \n            data-audiopath=\"https:\/\/jibsy.com\/wp-content\/uploads\/2025\/04\/09-Il-Faut-Quune-Porte-Soit-Ouverte-Ou-Fermee.mp3\"\n            data-showloading=\"1\"\n            data-albumTitle=\"Mieux Vaut Pr\u00e9venir Que Gu\u00e9rir\"\n            data-albumArt=\"\"\n            data-releasedate=\"Rock - flying jibsy - 2025\"\n            data-date=\"2025\/04\/20\"\n            data-date-formated=\"20 avril 2025\"\n            data-show-date=\"\"\n            data-trackTitle=\"Il Faut Qu\u2019une Porte Soit Ouverte Ou Ferme\u0301e\"\n            data-artist=\"Ian Suno\"\n            data-trackID=\"1854\"\n            data-trackTime=\"3:00\"\n            data-relatedTrack=\"\"\n            data-post-url=\"\"\n            data-post-id=\"1865\"\n            data-track-pos=\"8\"\n            data-peakFile=\"\"\n            data-peakFile-allow=\"1\"\n            data-is-preview=\"\"\n            data-track-lyric=\"\" data-icecast_json=\"\" data-icecast_mount=\"\"><div class=\"sr-playlist-item-flex\"><span class=\"store-list\"><\/span><\/div><div class=\"srp_track_description\"><\/div><\/li><li \n            class=\"sr-playlist-item\" \n            data-audiopath=\"https:\/\/jibsy.com\/wp-content\/uploads\/2025\/04\/Quand-Le-Rossignol-Ne-Chante-Plus-1.mp3\"\n            data-showloading=\"1\"\n            data-albumTitle=\"Mieux Vaut Pr\u00e9venir Que Gu\u00e9rir\"\n            data-albumArt=\"\"\n            data-releasedate=\"Rock - flying jibsy - 2025\"\n            data-date=\"2025\/04\/20\"\n            data-date-formated=\"20 avril 2025\"\n            data-show-date=\"\"\n            data-trackTitle=\"Quand Le Rossignol Ne Chante Plus\"\n            data-artist=\"Ian Suno\"\n            data-trackID=\"1861\"\n            data-trackTime=\"3:10\"\n            data-relatedTrack=\"\"\n            data-post-url=\"\"\n            data-post-id=\"1865\"\n            data-track-pos=\"9\"\n            data-peakFile=\"\"\n            data-peakFile-allow=\"1\"\n            data-is-preview=\"\"\n            data-track-lyric=\"\" data-icecast_json=\"\" data-icecast_mount=\"\"><div class=\"sr-playlist-item-flex\"><span class=\"store-list\"><\/span><\/div><div class=\"srp_track_description\"><\/div><\/li><li \n            class=\"sr-playlist-item\" \n            data-audiopath=\"https:\/\/jibsy.com\/wp-content\/uploads\/2025\/04\/On-Ne-Change-Pas-Une-Equipe-Qui-Gagne-1.mp3\"\n            data-showloading=\"1\"\n            data-albumTitle=\"Mieux Vaut Pr\u00e9venir Que Gu\u00e9rir\"\n            data-albumArt=\"\"\n            data-releasedate=\"Rock - flying jibsy - 2025\"\n            data-date=\"2025\/04\/20\"\n            data-date-formated=\"20 avril 2025\"\n            data-show-date=\"\"\n            data-trackTitle=\"On Ne Change Pas Une \u00c9quipe Qui Gagne\"\n            data-artist=\"Ian Suno\"\n            data-trackID=\"1860\"\n            data-trackTime=\"3:14\"\n            data-relatedTrack=\"\"\n            data-post-url=\"\"\n            data-post-id=\"1865\"\n            data-track-pos=\"10\"\n            data-peakFile=\"\"\n            data-peakFile-allow=\"1\"\n            data-is-preview=\"\"\n            data-track-lyric=\"\" data-icecast_json=\"\" data-icecast_mount=\"\"><div class=\"sr-playlist-item-flex\"><span class=\"store-list\"><\/span><\/div><div class=\"srp_track_description\"><\/div><\/li><li \n            class=\"sr-playlist-item\" \n            data-audiopath=\"https:\/\/jibsy.com\/wp-content\/uploads\/2025\/04\/Faut-Prendre-Le-Taureau-Par-Les-Cornes-1.mp3\"\n            data-showloading=\"1\"\n            data-albumTitle=\"Mieux Vaut Pr\u00e9venir Que Gu\u00e9rir\"\n            data-albumArt=\"\"\n            data-releasedate=\"Rock - flying jibsy - 2025\"\n            data-date=\"2025\/04\/20\"\n            data-date-formated=\"20 avril 2025\"\n            data-show-date=\"\"\n            data-trackTitle=\"Faut Prendre Le Taureau Par Les Cornes\"\n            data-artist=\"Ian Suno\"\n            data-trackID=\"1856\"\n            data-trackTime=\"4:00\"\n            data-relatedTrack=\"\"\n            data-post-url=\"\"\n            data-post-id=\"1865\"\n            data-track-pos=\"11\"\n            data-peakFile=\"\"\n            data-peakFile-allow=\"1\"\n            data-is-preview=\"\"\n            data-track-lyric=\"\" data-icecast_json=\"\" data-icecast_mount=\"\"><div class=\"sr-playlist-item-flex\"><span class=\"store-list\"><\/span><\/div><div class=\"srp_track_description\"><\/div><\/li><li \n            class=\"sr-playlist-item\" \n            data-audiopath=\"https:\/\/jibsy.com\/wp-content\/uploads\/2025\/04\/Les-Ombres-Maudites-1.mp3\"\n            data-showloading=\"1\"\n            data-albumTitle=\"Mieux Vaut Pr\u00e9venir Que Gu\u00e9rir\"\n            data-albumArt=\"\"\n            data-releasedate=\"Rock - flying jibsy - 2025\"\n            data-date=\"2025\/04\/20\"\n            data-date-formated=\"20 avril 2025\"\n            data-show-date=\"\"\n            data-trackTitle=\"Les Ombres Maudites\"\n            data-artist=\"Ian Suno\"\n            data-trackID=\"1858\"\n            data-trackTime=\"3:24\"\n            data-relatedTrack=\"\"\n            data-post-url=\"\"\n            data-post-id=\"1865\"\n            data-track-pos=\"12\"\n            data-peakFile=\"\"\n            data-peakFile-allow=\"1\"\n            data-is-preview=\"\"\n            data-track-lyric=\"\" data-icecast_json=\"\" data-icecast_mount=\"\"><div class=\"sr-playlist-item-flex\"><span class=\"store-list\"><\/span><\/div><div class=\"srp_track_description\"><\/div><\/li><\/ul><\/div><\/div><\/div><div class=\"album-player sr_waveform_mediaElement\"><div class=\"srp_miniplayer_metas\"><div class=\" srp_meta srp_meta_0 track-title\" data-prefix=\"\" aria-label=\"Track title\"><\/div><\/div> <div class=\"player \" ><div class=\"sr_progressbar\">\n                \n            <div class=\"currentTime\">00:00<\/div>\n         \n                <div id=\"arbitrary-instance-69fb3041ad5de-fe9519dfde-wave\" class=\"wave\" >\n                 \n        <div class=\"sonaar_fake_wave\" style=\"height:70px\"> \n            <audio src=\"\" class=\"sonaar_media_element\"><\/audio> \n            <div class=\"sonaar_wave_base\"> \n                <canvas id=\"sonaar_wave_base_canvas\" class=\"\" height=\"70\" width=\"2540\"><\/canvas> \n                <svg><\/svg> \n            <\/div> \n            <div class=\"sonaar_wave_cut\"> \n                <canvas id=\"sonaar_wave_cut_canvas\" class=\"\" height=\"70\" width=\"2540\"><\/canvas> \n                <svg><\/svg> \n            <\/div> \n        <\/div> \n                <\/div>\n                \n            <div class=\"totalTime\"><\/div>\n         \n             <\/div><div class=\"srp_main_control srp_oneColumn\"><div class=\"control\"><div class=\"previous sricon-back\" style=\"opacity:0;\" aria-label=\"Previous Track\" title=\"Previous\"><\/div><div class=\"play\" style=\"opacity:0;\" aria-label=\"Play\" title=\"Play\/Pause\">\n                <i class=\"sricon-play\"><\/i>\n            <\/div><div class=\"next sricon-forward\" style=\"opacity:0;\" aria-label=\"Next Track\" title=\"Next \"><\/div><\/div><div class=\"control\"><\/div><\/div><\/div><\/div><div class=\"album-store\"><\/div><\/div><script id=\"srp_js_params_69fb3041ad5de\">\n        var srp_player_params_69fb3041ad5de = {\"title\":\"\",\"store_title_text\":\"\",\"albums\":\"1865\",\"hide_artwork\":\"false\",\"sticky_player\":0,\"show_album_market\":\"true\",\"show_track_market\":\"true\",\"hide_timeline\":\"false\",\"show_playlist\":\"true\",\"orderby\":\"date\",\"order\":\"DESC\",\"use_play_label_with_icon\":\"false\",\"main_settings\":\"||\"} \n        var srp_player_params_args_69fb3041ad5de = {\"before_widget\":\"<article id=\\\"arbitrary-instance-69fb3041ad5de\\\" class=\\\"iron_widget_radio playlist_enabled\\\">\",\"after_widget\":\"<\\\/article>\",\"before_title\":\"<span class='heading-t3'><\\\/span><h3 class=\\\"widgettitle\\\">\",\"after_title\":\"<\\\/h3>\",\"widget_id\":\"arbitrary-instance-69fb3041ad5de\"}  \n        <\/script><script>if(typeof setIronAudioplayers !== \"undefined\"){ setIronAudioplayers(\"arbitrary-instance-69fb3041ad5de\"); }<\/script><\/article>\n<\/body><\/html>\n","protected":false},"excerpt":{"rendered":"","protected":false},"author":1,"featured_media":0,"parent":0,"menu_order":0,"comment_status":"closed","ping_status":"closed","template":"","meta":{"footnotes":""},"class_list":["post-1866","page","type-page","status-publish","hentry"],"_links":{"self":[{"href":"https:\/\/jibsy.com\/index.php?rest_route=\/wp\/v2\/pages\/1866","targetHints":{"allow":["GET"]}}],"collection":[{"href":"https:\/\/jibsy.com\/index.php?rest_route=\/wp\/v2\/pages"}],"about":[{"href":"https:\/\/jibsy.com\/index.php?rest_route=\/wp\/v2\/types\/page"}],"author":[{"embeddable":true,"href":"https:\/\/jibsy.com\/index.php?rest_route=\/wp\/v2\/users\/1"}],"replies":[{"embeddable":true,"href":"https:\/\/jibsy.com\/index.php?rest_route=%2Fwp%2Fv2%2Fcomments&post=1866"}],"version-history":[{"count":5,"href":"https:\/\/jibsy.com\/index.php?rest_route=\/wp\/v2\/pages\/1866\/revisions"}],"predecessor-version":[{"id":1877,"href":"https:\/\/jibsy.com\/index.php?rest_route=\/wp\/v2\/pages\/1866\/revisions\/1877"}],"wp:attachment":[{"href":"https:\/\/jibsy.com\/index.php?rest_route=%2Fwp%2Fv2%2Fmedia&parent=1866"}],"curies":[{"name":"wp","href":"https:\/\/api.w.org\/{rel}","templated":true}]}}